{"id":2311,"date":"2025-08-27T11:21:14","date_gmt":"2025-08-27T11:21:14","guid":{"rendered":"https:\/\/www.castelletytorreblanca.com\/?post_type=product&#038;p=2311"},"modified":"2025-08-27T11:34:50","modified_gmt":"2025-08-27T11:34:50","slug":"butaca-macao","status":"publish","type":"product","link":"https:\/\/www.castelletytorreblanca.com\/?product=butaca-macao","title":{"rendered":"Butaca MACAO"},"content":{"rendered":"<p>Butaca MACAO<br \/>\nLa butaca MACAO destaca por su dise\u00f1o curvil\u00edneo y envolvente, convirti\u00e9ndola en una excelente elecci\u00f3n para ambientes modernos y acogedores.<br \/>\nLa estructura del respaldo y reposabrazos, fabricada en una \u00fanica pieza, se adapta de forma ergon\u00f3mica a la postura natural de la espalda, ofreciendo un soporte \u00f3ptimo y una experiencia de uso confortable.<br \/>\nEl asiento acolchado, con un grosor cuidadosamente dise\u00f1ado, maximiza la sensaci\u00f3n de comodidad, permitiendo disfrutar de momentos de descanso prolongados.<br \/>\nPor \u00faltimo, sus patas met\u00e1licas negras aportan un atractivo contraste con el resto del dise\u00f1o, realzando el estilo sofisticado y contempor\u00e1neo de esta butaca.<\/p>\n","protected":false},"excerpt":{"rendered":"<p>Butaca MACAO<br \/>\nLa butaca MACAO destaca por su dise\u00f1o curvil\u00edneo y envolvente, convirti\u00e9ndola en una excelente elecci\u00f3n para ambientes modernos y acogedores.<\/p>\n","protected":false},"featured_media":2317,"comment_status":"open","ping_status":"closed","template":"","meta":{"_themeisle_gutenberg_block_has_review":false},"product_brand":[],"product_cat":[19],"product_tag":[],"class_list":{"0":"post-2311","1":"product","2":"type-product","3":"status-publish","4":"has-post-thumbnail","6":"product_cat-sofas","8":"first","9":"instock","10":"shipping-taxable","11":"product-type-simple"},"_links":{"self":[{"href":"https:\/\/www.castelletytorreblanca.com\/index.php?rest_route=\/wp\/v2\/product\/2311","targetHints":{"allow":["GET"]}}],"collection":[{"href":"https:\/\/www.castelletytorreblanca.com\/index.php?rest_route=\/wp\/v2\/product"}],"about":[{"href":"https:\/\/www.castelletytorreblanca.com\/index.php?rest_route=\/wp\/v2\/types\/product"}],"replies":[{"embeddable":true,"href":"https:\/\/www.castelletytorreblanca.com\/index.php?rest_route=%2Fwp%2Fv2%2Fcomments&post=2311"}],"wp:featuredmedia":[{"embeddable":true,"href":"https:\/\/www.castelletytorreblanca.com\/index.php?rest_route=\/wp\/v2\/media\/2317"}],"wp:attachment":[{"href":"https:\/\/www.castelletytorreblanca.com\/index.php?rest_route=%2Fwp%2Fv2%2Fmedia&parent=2311"}],"wp:term":[{"taxonomy":"product_brand","embeddable":true,"href":"https:\/\/www.castelletytorreblanca.com\/index.php?rest_route=%2Fwp%2Fv2%2Fproduct_brand&post=2311"},{"taxonomy":"product_cat","embeddable":true,"href":"https:\/\/www.castelletytorreblanca.com\/index.php?rest_route=%2Fwp%2Fv2%2Fproduct_cat&post=2311"},{"taxonomy":"product_tag","embeddable":true,"href":"https:\/\/www.castelletytorreblanca.com\/index.php?rest_route=%2Fwp%2Fv2%2Fproduct_tag&post=2311"}],"curies":[{"name":"wp","href":"https:\/\/api.w.org\/{rel}","templated":true}]}}