{"id":2297,"date":"2025-08-27T08:08:47","date_gmt":"2025-08-27T08:08:47","guid":{"rendered":"https:\/\/www.castelletytorreblanca.com\/?post_type=product&#038;p=2297"},"modified":"2025-08-27T08:08:47","modified_gmt":"2025-08-27T08:08:47","slug":"silla-glasgow","status":"publish","type":"product","link":"https:\/\/www.castelletytorreblanca.com\/?product=silla-glasgow","title":{"rendered":"Silla GLASGOW"},"content":{"rendered":"<p>Silla Giratoria para Trabajo o Estudio<\/p>\n<p>Comodidad, funcionalidad y dise\u00f1o se unen en esta silla giratoria, ideal para jornadas de trabajo o estudio. <\/p>\n<p>Gracias a su base con ruedas y sistema giratorio de 360\u00b0, permite una movilidad fluida y c\u00f3moda, adapt\u00e1ndose a tu ritmo diario. Adem\u00e1s, cuenta con ajuste de altura para una mejor adaptaci\u00f3n a tu escritorio.<\/p>\n<p>Disponible en varios colores de tapizado, esta silla no solo se adapta a tus necesidades, sino tambi\u00e9n a tu estilo. Desde tonos neutros hasta opciones m\u00e1s vibrantes, elige la que mejor combine con tu espacio.<\/p>\n<p>Una opci\u00f3n pr\u00e1ctica y estilizada para oficinas en casa, escritorios juveniles o zonas de estudio modernas.<\/p>\n","protected":false},"excerpt":{"rendered":"<p>Silla Giratoria GLASGOW, para Trabajo o Estudio<\/p>\n<p>Comodidad, funcionalidad y dise\u00f1o se unen en esta silla giratoria, ideal para jornadas de trabajo o estudio. <\/p>\n","protected":false},"featured_media":2298,"comment_status":"open","ping_status":"closed","template":"","meta":{"_themeisle_gutenberg_block_has_review":false},"product_brand":[],"product_cat":[41],"product_tag":[],"class_list":{"0":"post-2297","1":"product","2":"type-product","3":"status-publish","4":"has-post-thumbnail","6":"product_cat-mesas-y-sillas","8":"first","9":"instock","10":"shipping-taxable","11":"product-type-simple"},"_links":{"self":[{"href":"https:\/\/www.castelletytorreblanca.com\/index.php?rest_route=\/wp\/v2\/product\/2297","targetHints":{"allow":["GET"]}}],"collection":[{"href":"https:\/\/www.castelletytorreblanca.com\/index.php?rest_route=\/wp\/v2\/product"}],"about":[{"href":"https:\/\/www.castelletytorreblanca.com\/index.php?rest_route=\/wp\/v2\/types\/product"}],"replies":[{"embeddable":true,"href":"https:\/\/www.castelletytorreblanca.com\/index.php?rest_route=%2Fwp%2Fv2%2Fcomments&post=2297"}],"wp:featuredmedia":[{"embeddable":true,"href":"https:\/\/www.castelletytorreblanca.com\/index.php?rest_route=\/wp\/v2\/media\/2298"}],"wp:attachment":[{"href":"https:\/\/www.castelletytorreblanca.com\/index.php?rest_route=%2Fwp%2Fv2%2Fmedia&parent=2297"}],"wp:term":[{"taxonomy":"product_brand","embeddable":true,"href":"https:\/\/www.castelletytorreblanca.com\/index.php?rest_route=%2Fwp%2Fv2%2Fproduct_brand&post=2297"},{"taxonomy":"product_cat","embeddable":true,"href":"https:\/\/www.castelletytorreblanca.com\/index.php?rest_route=%2Fwp%2Fv2%2Fproduct_cat&post=2297"},{"taxonomy":"product_tag","embeddable":true,"href":"https:\/\/www.castelletytorreblanca.com\/index.php?rest_route=%2Fwp%2Fv2%2Fproduct_tag&post=2297"}],"curies":[{"name":"wp","href":"https:\/\/api.w.org\/{rel}","templated":true}]}}