{"id":2179,"date":"2025-05-15T11:18:15","date_gmt":"2025-05-15T11:18:15","guid":{"rendered":"https:\/\/www.castelletytorreblanca.com\/?post_type=product&#038;p=2179"},"modified":"2025-05-15T11:18:15","modified_gmt":"2025-05-15T11:18:15","slug":"colchon-nature-touch","status":"publish","type":"product","link":"https:\/\/www.castelletytorreblanca.com\/?product=colchon-nature-touch","title":{"rendered":"Colch\u00f3n NATURE TOUCH"},"content":{"rendered":"","protected":false},"excerpt":{"rendered":"<p>Colch\u00f3n que combina muelles ensacados y l\u00e1tex. Con una combinaci\u00f3n cuidadosamente seleccionada de materiales premium, el Nature Touch brinda un descanso \u00f3ptimo para rejuvenecer el cuerpo y la mente.<\/p>\n","protected":false},"featured_media":2181,"comment_status":"open","ping_status":"closed","template":"","meta":{"_themeisle_gutenberg_block_has_review":false},"product_brand":[],"product_cat":[36],"product_tag":[],"class_list":{"0":"post-2179","1":"product","2":"type-product","3":"status-publish","4":"has-post-thumbnail","6":"product_cat-descanso","8":"first","9":"instock","10":"shipping-taxable","11":"product-type-simple"},"_links":{"self":[{"href":"https:\/\/www.castelletytorreblanca.com\/index.php?rest_route=\/wp\/v2\/product\/2179","targetHints":{"allow":["GET"]}}],"collection":[{"href":"https:\/\/www.castelletytorreblanca.com\/index.php?rest_route=\/wp\/v2\/product"}],"about":[{"href":"https:\/\/www.castelletytorreblanca.com\/index.php?rest_route=\/wp\/v2\/types\/product"}],"replies":[{"embeddable":true,"href":"https:\/\/www.castelletytorreblanca.com\/index.php?rest_route=%2Fwp%2Fv2%2Fcomments&post=2179"}],"wp:featuredmedia":[{"embeddable":true,"href":"https:\/\/www.castelletytorreblanca.com\/index.php?rest_route=\/wp\/v2\/media\/2181"}],"wp:attachment":[{"href":"https:\/\/www.castelletytorreblanca.com\/index.php?rest_route=%2Fwp%2Fv2%2Fmedia&parent=2179"}],"wp:term":[{"taxonomy":"product_brand","embeddable":true,"href":"https:\/\/www.castelletytorreblanca.com\/index.php?rest_route=%2Fwp%2Fv2%2Fproduct_brand&post=2179"},{"taxonomy":"product_cat","embeddable":true,"href":"https:\/\/www.castelletytorreblanca.com\/index.php?rest_route=%2Fwp%2Fv2%2Fproduct_cat&post=2179"},{"taxonomy":"product_tag","embeddable":true,"href":"https:\/\/www.castelletytorreblanca.com\/index.php?rest_route=%2Fwp%2Fv2%2Fproduct_tag&post=2179"}],"curies":[{"name":"wp","href":"https:\/\/api.w.org\/{rel}","templated":true}]}}