{"id":2123,"date":"2025-05-12T11:50:22","date_gmt":"2025-05-12T11:50:22","guid":{"rendered":"https:\/\/www.castelletytorreblanca.com\/?post_type=product&#038;p=2123"},"modified":"2025-05-12T11:50:22","modified_gmt":"2025-05-12T11:50:22","slug":"sofa-sense","status":"publish","type":"product","link":"https:\/\/www.castelletytorreblanca.com\/?product=sofa-sense","title":{"rendered":"Sof\u00e1 SENSE"},"content":{"rendered":"","protected":false},"excerpt":{"rendered":"<p>El\u00a0<b>sof\u00e1 Sense<\/b> es perfecto para quienes buscan confort y dise\u00f1o adaptado a sus necesidades. Destaca por su gran modularidad, ideal para personalizarlo seg\u00fan tu espacio.<\/p>\n<p>Los asientos deslizantes de carro est\u00e1n equipados con ruedas al suelo para facilitar el deslizamiento. Los cabezales abatibles italianos cromados a\u00f1aden funcionalidad y estilo al dise\u00f1o. Los acabados incluyen un elegante cosido con pesta\u00f1a y patas de madera de haya disponibles en acabado natural o wengu\u00e9, con opci\u00f3n de patas met\u00e1licas de 12 cm en color negro mate.<\/p>\n","protected":false},"featured_media":2124,"comment_status":"open","ping_status":"closed","template":"","meta":{"_themeisle_gutenberg_block_has_review":false},"product_brand":[],"product_cat":[19],"product_tag":[],"class_list":{"0":"post-2123","1":"product","2":"type-product","3":"status-publish","4":"has-post-thumbnail","6":"product_cat-sofas","8":"first","9":"instock","10":"shipping-taxable","11":"product-type-simple"},"_links":{"self":[{"href":"https:\/\/www.castelletytorreblanca.com\/index.php?rest_route=\/wp\/v2\/product\/2123","targetHints":{"allow":["GET"]}}],"collection":[{"href":"https:\/\/www.castelletytorreblanca.com\/index.php?rest_route=\/wp\/v2\/product"}],"about":[{"href":"https:\/\/www.castelletytorreblanca.com\/index.php?rest_route=\/wp\/v2\/types\/product"}],"replies":[{"embeddable":true,"href":"https:\/\/www.castelletytorreblanca.com\/index.php?rest_route=%2Fwp%2Fv2%2Fcomments&post=2123"}],"wp:featuredmedia":[{"embeddable":true,"href":"https:\/\/www.castelletytorreblanca.com\/index.php?rest_route=\/wp\/v2\/media\/2124"}],"wp:attachment":[{"href":"https:\/\/www.castelletytorreblanca.com\/index.php?rest_route=%2Fwp%2Fv2%2Fmedia&parent=2123"}],"wp:term":[{"taxonomy":"product_brand","embeddable":true,"href":"https:\/\/www.castelletytorreblanca.com\/index.php?rest_route=%2Fwp%2Fv2%2Fproduct_brand&post=2123"},{"taxonomy":"product_cat","embeddable":true,"href":"https:\/\/www.castelletytorreblanca.com\/index.php?rest_route=%2Fwp%2Fv2%2Fproduct_cat&post=2123"},{"taxonomy":"product_tag","embeddable":true,"href":"https:\/\/www.castelletytorreblanca.com\/index.php?rest_route=%2Fwp%2Fv2%2Fproduct_tag&post=2123"}],"curies":[{"name":"wp","href":"https:\/\/api.w.org\/{rel}","templated":true}]}}