{"id":2119,"date":"2025-05-12T11:30:51","date_gmt":"2025-05-12T11:30:51","guid":{"rendered":"https:\/\/www.castelletytorreblanca.com\/?post_type=product&#038;p=2119"},"modified":"2025-05-15T09:52:20","modified_gmt":"2025-05-15T09:52:20","slug":"sofa-cama-coco","status":"publish","type":"product","link":"https:\/\/www.castelletytorreblanca.com\/?product=sofa-cama-coco","title":{"rendered":"Sof\u00e1 Cama COCO"},"content":{"rendered":"","protected":false},"excerpt":{"rendered":"<p>Compacto por fuera, pr\u00e1ctico por dentro: incorpora un <strong>sistema italiano <\/strong>\u00a0y un\u00a0<strong>colch\u00f3n HR 25 kg de 12 cm<\/strong>, ideal para ofrecer un descanso confortable en cualquier momento.<\/p>\n<p>\u00bfNecesitas espacio extra? Sus\u00a0<strong>arcones integrados en ambos brazos<\/strong>\u00a0te permiten guardar f\u00e1cilmente mantas, cojines u otros objetos. Y para rematar su look, incluye\u00a0<strong>patas de madera en color wengu\u00e9<\/strong>, que aportan calidez y estilo.<\/p>\n<p><strong>Coc\u00f3<\/strong>\u00a0es mucho m\u00e1s que un sof\u00e1 cama: es comodidad, funcionalidad y dise\u00f1o pensado para el d\u00eda a d\u00eda.<\/p>\n","protected":false},"featured_media":2120,"comment_status":"open","ping_status":"closed","template":"","meta":{"_themeisle_gutenberg_block_has_review":false},"product_brand":[],"product_cat":[19],"product_tag":[],"class_list":{"0":"post-2119","1":"product","2":"type-product","3":"status-publish","4":"has-post-thumbnail","6":"product_cat-sofas","8":"first","9":"instock","10":"shipping-taxable","11":"product-type-simple"},"_links":{"self":[{"href":"https:\/\/www.castelletytorreblanca.com\/index.php?rest_route=\/wp\/v2\/product\/2119","targetHints":{"allow":["GET"]}}],"collection":[{"href":"https:\/\/www.castelletytorreblanca.com\/index.php?rest_route=\/wp\/v2\/product"}],"about":[{"href":"https:\/\/www.castelletytorreblanca.com\/index.php?rest_route=\/wp\/v2\/types\/product"}],"replies":[{"embeddable":true,"href":"https:\/\/www.castelletytorreblanca.com\/index.php?rest_route=%2Fwp%2Fv2%2Fcomments&post=2119"}],"wp:featuredmedia":[{"embeddable":true,"href":"https:\/\/www.castelletytorreblanca.com\/index.php?rest_route=\/wp\/v2\/media\/2120"}],"wp:attachment":[{"href":"https:\/\/www.castelletytorreblanca.com\/index.php?rest_route=%2Fwp%2Fv2%2Fmedia&parent=2119"}],"wp:term":[{"taxonomy":"product_brand","embeddable":true,"href":"https:\/\/www.castelletytorreblanca.com\/index.php?rest_route=%2Fwp%2Fv2%2Fproduct_brand&post=2119"},{"taxonomy":"product_cat","embeddable":true,"href":"https:\/\/www.castelletytorreblanca.com\/index.php?rest_route=%2Fwp%2Fv2%2Fproduct_cat&post=2119"},{"taxonomy":"product_tag","embeddable":true,"href":"https:\/\/www.castelletytorreblanca.com\/index.php?rest_route=%2Fwp%2Fv2%2Fproduct_tag&post=2119"}],"curies":[{"name":"wp","href":"https:\/\/api.w.org\/{rel}","templated":true}]}}