{"id":2102,"date":"2025-05-12T11:11:39","date_gmt":"2025-05-12T11:11:39","guid":{"rendered":"https:\/\/www.castelletytorreblanca.com\/?post_type=product&#038;p=2102"},"modified":"2025-05-15T09:53:22","modified_gmt":"2025-05-15T09:53:22","slug":"sofa-sandro","status":"publish","type":"product","link":"https:\/\/www.castelletytorreblanca.com\/?product=sofa-sandro","title":{"rendered":"Sof\u00e1 SANDRO"},"content":{"rendered":"","protected":false},"excerpt":{"rendered":"<p>Sistema deslizante bandeja de arrastre manual con brazos deslizantes\u00a0 para una mayor comodidad, equipado con una almohada para un confort extra y un arc\u00f3n en su interior.<\/p>\n<p>Este sof\u00e1 es una acertada opci\u00f3n si en el momento de descanso quieres deslizar los m\u00f3dulos y personalizar el asiento a tu cuerpo.<\/p>\n<p>Soluci\u00f3n moderna y eficiente para tu hogar.<\/p>\n<p>Disponible en diferentes acabados<\/p>\n","protected":false},"featured_media":2103,"comment_status":"open","ping_status":"closed","template":"","meta":{"_themeisle_gutenberg_block_has_review":false},"product_brand":[],"product_cat":[19],"product_tag":[],"class_list":{"0":"post-2102","1":"product","2":"type-product","3":"status-publish","4":"has-post-thumbnail","6":"product_cat-sofas","8":"first","9":"instock","10":"shipping-taxable","11":"product-type-simple"},"_links":{"self":[{"href":"https:\/\/www.castelletytorreblanca.com\/index.php?rest_route=\/wp\/v2\/product\/2102","targetHints":{"allow":["GET"]}}],"collection":[{"href":"https:\/\/www.castelletytorreblanca.com\/index.php?rest_route=\/wp\/v2\/product"}],"about":[{"href":"https:\/\/www.castelletytorreblanca.com\/index.php?rest_route=\/wp\/v2\/types\/product"}],"replies":[{"embeddable":true,"href":"https:\/\/www.castelletytorreblanca.com\/index.php?rest_route=%2Fwp%2Fv2%2Fcomments&post=2102"}],"wp:featuredmedia":[{"embeddable":true,"href":"https:\/\/www.castelletytorreblanca.com\/index.php?rest_route=\/wp\/v2\/media\/2103"}],"wp:attachment":[{"href":"https:\/\/www.castelletytorreblanca.com\/index.php?rest_route=%2Fwp%2Fv2%2Fmedia&parent=2102"}],"wp:term":[{"taxonomy":"product_brand","embeddable":true,"href":"https:\/\/www.castelletytorreblanca.com\/index.php?rest_route=%2Fwp%2Fv2%2Fproduct_brand&post=2102"},{"taxonomy":"product_cat","embeddable":true,"href":"https:\/\/www.castelletytorreblanca.com\/index.php?rest_route=%2Fwp%2Fv2%2Fproduct_cat&post=2102"},{"taxonomy":"product_tag","embeddable":true,"href":"https:\/\/www.castelletytorreblanca.com\/index.php?rest_route=%2Fwp%2Fv2%2Fproduct_tag&post=2102"}],"curies":[{"name":"wp","href":"https:\/\/api.w.org\/{rel}","templated":true}]}}