{"id":2041,"date":"2025-05-07T11:02:47","date_gmt":"2025-05-07T11:02:47","guid":{"rendered":"https:\/\/www.castelletytorreblanca.com\/?post_type=product&#038;p=2041"},"modified":"2025-05-07T11:28:24","modified_gmt":"2025-05-07T11:28:24","slug":"composicion-salon","status":"publish","type":"product","link":"https:\/\/www.castelletytorreblanca.com\/?product=composicion-salon","title":{"rendered":"Composici\u00f3n sal\u00f3n"},"content":{"rendered":"","protected":false},"excerpt":{"rendered":"<p>Este elegante mueble de TV combina funcionalidad y estilo en un dise\u00f1o moderno. Cuenta con un m\u00f3dulo di\u00e1fano perfecto para colocar tus dispositivos y accesorios, adem\u00e1s de un aparador que ofrece espacio adicional para almacenamiento. Sus acabados en beige, grafito y detalles alistonados le dan un toque sofisticado y vers\u00e1til, ideal para complementar cualquier sala.<\/p>\n<p>Disponible en varias medidas y acabados.<\/p>\n<p>Serie Vida<\/p>\n","protected":false},"featured_media":2042,"comment_status":"open","ping_status":"closed","template":"","meta":{"_themeisle_gutenberg_block_has_review":false},"product_brand":[],"product_cat":[35],"product_tag":[],"class_list":{"0":"post-2041","1":"product","2":"type-product","3":"status-publish","4":"has-post-thumbnail","6":"product_cat-salon-comedor","8":"first","9":"instock","10":"shipping-taxable","11":"product-type-simple"},"_links":{"self":[{"href":"https:\/\/www.castelletytorreblanca.com\/index.php?rest_route=\/wp\/v2\/product\/2041","targetHints":{"allow":["GET"]}}],"collection":[{"href":"https:\/\/www.castelletytorreblanca.com\/index.php?rest_route=\/wp\/v2\/product"}],"about":[{"href":"https:\/\/www.castelletytorreblanca.com\/index.php?rest_route=\/wp\/v2\/types\/product"}],"replies":[{"embeddable":true,"href":"https:\/\/www.castelletytorreblanca.com\/index.php?rest_route=%2Fwp%2Fv2%2Fcomments&post=2041"}],"wp:featuredmedia":[{"embeddable":true,"href":"https:\/\/www.castelletytorreblanca.com\/index.php?rest_route=\/wp\/v2\/media\/2042"}],"wp:attachment":[{"href":"https:\/\/www.castelletytorreblanca.com\/index.php?rest_route=%2Fwp%2Fv2%2Fmedia&parent=2041"}],"wp:term":[{"taxonomy":"product_brand","embeddable":true,"href":"https:\/\/www.castelletytorreblanca.com\/index.php?rest_route=%2Fwp%2Fv2%2Fproduct_brand&post=2041"},{"taxonomy":"product_cat","embeddable":true,"href":"https:\/\/www.castelletytorreblanca.com\/index.php?rest_route=%2Fwp%2Fv2%2Fproduct_cat&post=2041"},{"taxonomy":"product_tag","embeddable":true,"href":"https:\/\/www.castelletytorreblanca.com\/index.php?rest_route=%2Fwp%2Fv2%2Fproduct_tag&post=2041"}],"curies":[{"name":"wp","href":"https:\/\/api.w.org\/{rel}","templated":true}]}}