{"id":2037,"date":"2025-05-07T10:37:47","date_gmt":"2025-05-07T10:37:47","guid":{"rendered":"https:\/\/www.castelletytorreblanca.com\/?post_type=product&#038;p=2037"},"modified":"2025-05-07T10:37:47","modified_gmt":"2025-05-07T10:37:47","slug":"composicion-mueble-tv-2","status":"publish","type":"product","link":"https:\/\/www.castelletytorreblanca.com\/?product=composicion-mueble-tv-2","title":{"rendered":"Composici\u00f3n mueble TV"},"content":{"rendered":"","protected":false},"excerpt":{"rendered":"<p>Impregna tu sal\u00f3n con un estilo personal. Esta propuesta con modulaci\u00f3n sencilla y aligerada se mezcla con revestimientos de panel de franjas con un resultado diferente. Aporte de calidez, sencillez y elegancia de la madera. Opci\u00f3n de luz c\u00e1lida con mando a distancia para crear un ambiente m\u00e1s sofisticado.<\/p>\n<p>Posibilidad en distintas medidas y acabados<\/p>\n<p>Serie Royal<\/p>\n","protected":false},"featured_media":2038,"comment_status":"open","ping_status":"closed","template":"","meta":{"_themeisle_gutenberg_block_has_review":false},"product_brand":[],"product_cat":[35],"product_tag":[],"class_list":{"0":"post-2037","1":"product","2":"type-product","3":"status-publish","4":"has-post-thumbnail","6":"product_cat-salon-comedor","8":"first","9":"instock","10":"shipping-taxable","11":"product-type-simple"},"_links":{"self":[{"href":"https:\/\/www.castelletytorreblanca.com\/index.php?rest_route=\/wp\/v2\/product\/2037","targetHints":{"allow":["GET"]}}],"collection":[{"href":"https:\/\/www.castelletytorreblanca.com\/index.php?rest_route=\/wp\/v2\/product"}],"about":[{"href":"https:\/\/www.castelletytorreblanca.com\/index.php?rest_route=\/wp\/v2\/types\/product"}],"replies":[{"embeddable":true,"href":"https:\/\/www.castelletytorreblanca.com\/index.php?rest_route=%2Fwp%2Fv2%2Fcomments&post=2037"}],"wp:featuredmedia":[{"embeddable":true,"href":"https:\/\/www.castelletytorreblanca.com\/index.php?rest_route=\/wp\/v2\/media\/2038"}],"wp:attachment":[{"href":"https:\/\/www.castelletytorreblanca.com\/index.php?rest_route=%2Fwp%2Fv2%2Fmedia&parent=2037"}],"wp:term":[{"taxonomy":"product_brand","embeddable":true,"href":"https:\/\/www.castelletytorreblanca.com\/index.php?rest_route=%2Fwp%2Fv2%2Fproduct_brand&post=2037"},{"taxonomy":"product_cat","embeddable":true,"href":"https:\/\/www.castelletytorreblanca.com\/index.php?rest_route=%2Fwp%2Fv2%2Fproduct_cat&post=2037"},{"taxonomy":"product_tag","embeddable":true,"href":"https:\/\/www.castelletytorreblanca.com\/index.php?rest_route=%2Fwp%2Fv2%2Fproduct_tag&post=2037"}],"curies":[{"name":"wp","href":"https:\/\/api.w.org\/{rel}","templated":true}]}}