{"id":1867,"date":"2025-02-10T09:00:21","date_gmt":"2025-02-10T09:00:21","guid":{"rendered":"https:\/\/www.castelletytorreblanca.com\/?post_type=product&#038;p=1867"},"modified":"2025-08-25T09:03:08","modified_gmt":"2025-08-25T09:03:08","slug":"montessori","status":"publish","type":"product","link":"https:\/\/www.castelletytorreblanca.com\/?product=montessori","title":{"rendered":"Montessori"},"content":{"rendered":"<p>Mobiliario Montessori: Libertad, autonom\u00eda y desarrollo desde casa<\/p>\n<p>Descubre nuestra l\u00ednea de muebles Montessori, dise\u00f1ada para fomentar la autonom\u00eda, la creatividad y el aprendizaje activo de los m\u00e1s peque\u00f1os. Cada pieza est\u00e1 pensada para adaptarse a su escala y ritmo, permitiendo que los ni\u00f1os exploren su entorno de forma segura y natural.<\/p>\n<p>Desde camas a ras de suelo hasta torres de aprendizaje, estanter\u00edas abiertas, mesas y sillas adaptadas, nuestros muebles promueven la independencia desde los primeros a\u00f1os. Fabricados con materiales naturales, resistentes y con acabados suaves, acompa\u00f1an el crecimiento respetando el enfoque Montessori: \u201cAy\u00fadame a hacerlo por m\u00ed mismo\u201d.<\/p>\n<p>Beneficios de nuestros muebles Montessori:<\/p>\n<p>Altura adaptada a los ni\u00f1os para que puedan acceder a todo sin ayuda<br \/>\nDise\u00f1o funcional y minimalista, que invita a la concentraci\u00f3n y el orden<br \/>\nMateriales ecol\u00f3gicos y seguros, como la madera natural sin t\u00f3xicos<br \/>\nFomenta el juego libre, el orden y la toma de decisiones desde peque\u00f1os<\/p>\n<p>Crea un entorno preparado en casa y acompa\u00f1a a tu hijo en cada etapa de su desarrollo.<br \/>\nEmpieza a construir una infancia m\u00e1s libre y consciente\u2026 \u00a1con nuestros muebles Montessori!<\/p>\n","protected":false},"excerpt":{"rendered":"<p>Mobiliario Montessori: Libertad, autonom\u00eda y desarrollo desde casa<\/p>\n<p>Desde camas a ras de suelo hasta torres de aprendizaje, estanter\u00edas abiertas, mesas y sillas adaptadas, nuestros muebles promueven la independencia desde los primeros a\u00f1os. Fabricados con materiales naturales, resistentes y con acabados suaves, acompa\u00f1an el crecimiento respetando el enfoque Montessori: \u201cAy\u00fadame a hacerlo por m\u00ed mismo\u201d.<\/p>\n","protected":false},"featured_media":1873,"comment_status":"open","ping_status":"closed","template":"","meta":{"_themeisle_gutenberg_block_has_review":false},"product_brand":[],"product_cat":[38],"product_tag":[],"class_list":{"0":"post-1867","1":"product","2":"type-product","3":"status-publish","4":"has-post-thumbnail","6":"product_cat-juvenil-infantil","8":"first","9":"instock","10":"shipping-taxable","11":"product-type-simple"},"_links":{"self":[{"href":"https:\/\/www.castelletytorreblanca.com\/index.php?rest_route=\/wp\/v2\/product\/1867","targetHints":{"allow":["GET"]}}],"collection":[{"href":"https:\/\/www.castelletytorreblanca.com\/index.php?rest_route=\/wp\/v2\/product"}],"about":[{"href":"https:\/\/www.castelletytorreblanca.com\/index.php?rest_route=\/wp\/v2\/types\/product"}],"replies":[{"embeddable":true,"href":"https:\/\/www.castelletytorreblanca.com\/index.php?rest_route=%2Fwp%2Fv2%2Fcomments&post=1867"}],"wp:featuredmedia":[{"embeddable":true,"href":"https:\/\/www.castelletytorreblanca.com\/index.php?rest_route=\/wp\/v2\/media\/1873"}],"wp:attachment":[{"href":"https:\/\/www.castelletytorreblanca.com\/index.php?rest_route=%2Fwp%2Fv2%2Fmedia&parent=1867"}],"wp:term":[{"taxonomy":"product_brand","embeddable":true,"href":"https:\/\/www.castelletytorreblanca.com\/index.php?rest_route=%2Fwp%2Fv2%2Fproduct_brand&post=1867"},{"taxonomy":"product_cat","embeddable":true,"href":"https:\/\/www.castelletytorreblanca.com\/index.php?rest_route=%2Fwp%2Fv2%2Fproduct_cat&post=1867"},{"taxonomy":"product_tag","embeddable":true,"href":"https:\/\/www.castelletytorreblanca.com\/index.php?rest_route=%2Fwp%2Fv2%2Fproduct_tag&post=1867"}],"curies":[{"name":"wp","href":"https:\/\/api.w.org\/{rel}","templated":true}]}}